{"id":60065,"date":"2022-02-04T14:00:53","date_gmt":"2022-02-04T13:00:53","guid":{"rendered":"https:\/\/www.telealarm.com\/?page_id=60065"},"modified":"2022-03-23T16:58:15","modified_gmt":"2022-03-23T15:58:15","slug":"reinitialiser-votre-mot-de-passe","status":"publish","type":"page","link":"https:\/\/www.telealarm.com\/fr\/reinitialiser-votre-mot-de-passe\/","title":{"rendered":"r\u00e9initialiser votre mot de passe"},"content":{"rendered":"<section class=\"wpb-content-wrapper\"><p>[vc_row][vc_column][vc_empty_space][vc_column_text]\r\n<div class=\"um um-password um-um_password_id\">\r\n\t<div class=\"um-form\">\r\n\t\t<form method=\"post\" action=\"\">\r\n\t\t\t\r\n\t\t\t\t<input type=\"hidden\" name=\"_um_password_reset\" id=\"_um_password_reset\" value=\"1\" \/>\r\n\r\n\t\t\t\t\t\t\t\t\t<div class=\"um-field um-field-block um-field-type_block\">\r\n\t\t\t\t\t\t<div class=\"um-field-block\">\r\n\t\t\t\t\t\t\t<div style=\"text-align:center;\">\r\n\t\t\t\t\t\t\t\tPour r\u00e9initialiser votre mot de passe, veuillez saisir votre adresse de messagerie ou votre identifiant ci-dessous.\t\t\t\t\t\t\t<\/div>\r\n\t\t\t\t\t\t<\/div>\r\n\t\t\t\t\t<\/div>\r\n\t\t\t\t<div  id=\"um_field_um_password_id_username_b\" class=\"um-field um-field-text  um-field-username_b um-field-text um-field-type_text\" data-key=\"username_b\"><div class=\"um-field-area\"><input  autocomplete=\"off\" class=\"um-form-field valid \" type=\"text\" name=\"username_b\" id=\"username_b\" value=\"\" placeholder=\"Saisissez votre identifiant ou votre e-mail\" data-validate=\"\" data-key=\"username_b\" \/>\r\n\r\n\t\t\t\t\t\t<\/div><\/div>\r\n\t\t\t\t<div class=\"um-col-alt um-col-alt-b\">\r\n\r\n\t\t\t\t\t<div class=\"um-center\">\r\n\t\t\t\t\t\t<input type=\"submit\" value=\"R\u00e9initialiser le mot de passe\" class=\"um-button\" id=\"um-submit-btn\" \/>\r\n\t\t\t\t\t<\/div>\r\n\r\n\t\t\t\t\t<div class=\"um-clear\"><\/div>\r\n\r\n\t\t\t\t<\/div>\r\n\r\n\t\t\t\t\t\t<input type=\"hidden\" name=\"form_id\" id=\"form_id_um_password_id\" value=\"um_password_id\" \/>\r\n\t\r\n\t<p class=\"um_request_name\">\r\n\t\t<label for=\"um_request_um_password_id\">Only fill in if you are not human<\/label>\r\n\t\t<input type=\"hidden\" name=\"um_request\" id=\"um_request_um_password_id\" class=\"input\" value=\"\" size=\"25\" autocomplete=\"off\" \/>\r\n\t<\/p>\r\n\r\n\t\t\t<\/form>\r\n\t<\/div>\r\n<\/div>\r\n<style type=\"text\/css\">\r\n.um-um_password_id.um {\r\n\tmax-width: 450px;\r\n}<\/style>\r\n[\/vc_column_text][vc_empty_space][\/vc_column][\/vc_row][vc_row][vc_column][vc_column_text]<\/p>\n<p>[\/vc_column_text][\/vc_column][\/vc_row][vc_row bg_type=&#8221;bg_color&#8221; bg_override=&#8221;ex-full&#8221; margin_bottom=&#8221;-50&#8243; padding_top=&#8221;25&#8243; padding_bottom=&#8221;25&#8243; bg_color=&#8221;#222222&#8243; type=&#8221;2&#8243; bg_color_value=&#8221;#222222&#8243; css=&#8221;.vc_custom_1592371230691{padding-top: 10px !important;padding-bottom: 16px !important;background-color: #222222 !important;}&#8221; el_id=&#8221;footer_copyright&#8221;][vc_column width=&#8221;2\/3&#8243; offset=&#8221;vc_col-lg-8 vc_col-md-8&#8243; css=&#8221;.vc_custom_1592371566783{padding-top: 10px !important;padding-bottom: 10px !important;}&#8221; el_class=&#8221;footer_link&#8221;][vc_column_text]<\/p>\n<p style=\"font-size: 13px; line-height: 22px; color: #ffffff;\"><i class=\"fa fa-copyright\" style=\"color: #ffffff;\"><\/i> 2022 | TELEALARM EUROPE GMBH | <a style=\"color: #ffffff; text-decoration: none;\" href=\"https:\/\/www.telealarm.com\/fr\/impressum\/\">MENTIONS L\u00c9GALES<\/a> | <a style=\"color: #ffffff; text-decoration: none;\" href=\"https:\/\/www.telealarm.com\/fr\/politique-de-confidentialite\/\">POLITIQUE DE CONFIDENTIALIT\u00c9<\/a> | <a style=\"color: #ffffff; text-decoration: none;\" href=\"https:\/\/www.telealarm.com\/fr\/agb\/\">CONDITIONS G\u00c9N\u00c9RALES DE VENTE<\/a><\/p>\n<p>[\/vc_column_text][\/vc_column][vc_column width=&#8221;1\/3&#8243; offset=&#8221;vc_col-lg-4 vc_col-md-4&#8243; css=&#8221;.vc_custom_1592371595352{padding-top: 10px !important;padding-bottom: 10px !important;}&#8221; el_class=&#8221;footer_social&#8221;]<div class=\" vc_custom_1591001863042 uavc-icons-right uavc-icons \">\n<a class=\"aio-tooltip 69f3e973dd62a\" href=\"https:\/\/www.linkedin.com\/company\/telealarm\/\" target=\"_blank\" rel=\"noopener\"  data-toggle=\"tooltip\" data-placement=\"\" title=\"\"><div class=\"aio-icon advanced \" data-animation=\"\" data-animation-delay=\"03\" style=\"color:#ffffff;background:rgba(0,0,0,0.01);border-style:solid;border-color:rgba(255,255,255,0.2);border-width:2px;width:32px;height:32px;line-height:32px;border-radius:500px;font-size:16px;margin-right:5px;\">\n\t<i class=\"icomoon-free-social-contact-16x16-linkedin2\"><\/i>\n<\/div><\/a><\/div>[\/vc_column][\/vc_row]<\/p>\n<\/section>","protected":false},"excerpt":{"rendered":"<p>[vc_row][vc_column][vc_empty_space][vc_column_text][\/vc_column_text][vc_empty_space][\/vc_column][\/vc_row][vc_row][vc_column][vc_column_text] [\/vc_column_text][\/vc_column][\/vc_row][vc_row bg_type=&#8221;bg_color&#8221; bg_override=&#8221;ex-full&#8221; margin_bottom=&#8221;-50&#8243; padding_top=&#8221;25&#8243; padding_bottom=&#8221;25&#8243; bg_color=&#8221;#222222&#8243; type=&#8221;2&#8243; bg_color_value=&#8221;#222222&#8243; css=&#8221;.vc_custom_1592371230691{padding-top: 10px !important;padding-bottom: 16px !important;background-color: #222222 !important;}&#8221; el_id=&#8221;footer_copyright&#8221;][vc_column width=&#8221;2\/3&#8243; offset=&#8221;vc_col-lg-8 vc_col-md-8&#8243; css=&#8221;.vc_custom_1592371566783{padding-top: 10px !important;padding-bottom: 10px !important;}&#8221; el_class=&#8221;footer_link&#8221;][vc_column_text] 2022 | TELEALARM EUROPE GMBH | MENTIONS L\u00c9GALES | POLITIQUE DE CONFIDENTIALIT\u00c9 | CONDITIONS G\u00c9N\u00c9RALES DE VENTE [\/vc_column_text][\/vc_column][vc_column width=&#8221;1\/3&#8243; offset=&#8221;vc_col-lg-4 vc_col-md-4&#8243; css=&#8221;.vc_custom_1592371595352{padding-top: 10px !important;padding-bottom: 10px !important;}&#8221; el_class=&#8221;footer_social&#8221;][\/vc_column][\/vc_row]<\/p>\n","protected":false},"author":167,"featured_media":0,"parent":0,"menu_order":0,"comment_status":"closed","ping_status":"closed","template":"template-microsite.php","meta":{"_monsterinsights_skip_tracking":false,"_monsterinsights_sitenote_active":false,"_monsterinsights_sitenote_note":"","_monsterinsights_sitenote_category":0,"footnotes":""},"class_list":["post-60065","page","type-page","status-publish","hentry","description-off"],"yoast_head":"<!-- This site is optimized with the Yoast SEO plugin v20.2.1 - https:\/\/yoast.com\/wordpress\/plugins\/seo\/ -->\n<title>r\u00e9initialiser votre mot de passe<\/title>\n<meta name=\"description\" content=\"2022 | TELEALARM EUROPE GMBH | MENTIONS L\u00c9GALES | POLITIQUE DE CONFIDENTIALIT\u00c9 | CONDITIONS G\u00c9N\u00c9RALES DE VENTE\" \/>\n<meta name=\"robots\" content=\"noindex, follow\" \/>\n<meta property=\"og:locale\" content=\"fr_FR\" \/>\n<meta property=\"og:type\" content=\"article\" \/>\n<meta property=\"og:title\" content=\"r\u00e9initialiser votre mot de passe\" \/>\n<meta property=\"og:description\" content=\"2022 | TELEALARM EUROPE GMBH | MENTIONS L\u00c9GALES | POLITIQUE DE CONFIDENTIALIT\u00c9 | CONDITIONS G\u00c9N\u00c9RALES DE VENTE\" \/>\n<meta property=\"og:url\" content=\"https:\/\/www.telealarm.com\/fr\/reinitialiser-votre-mot-de-passe\/\" \/>\n<meta property=\"og:site_name\" content=\"TeleAlarm\" \/>\n<meta property=\"article:modified_time\" content=\"2022-03-23T15:58:15+00:00\" \/>\n<meta name=\"twitter:card\" content=\"summary_large_image\" \/>\n<meta name=\"twitter:label1\" content=\"Dur\u00e9e de lecture estim\u00e9e\" \/>\n\t<meta name=\"twitter:data1\" content=\"1 minute\" \/>\n<script type=\"application\/ld+json\" class=\"yoast-schema-graph\">{\"@context\":\"https:\/\/schema.org\",\"@graph\":[{\"@type\":\"WebPage\",\"@id\":\"https:\/\/www.telealarm.com\/fr\/reinitialiser-votre-mot-de-passe\/\",\"url\":\"https:\/\/www.telealarm.com\/fr\/reinitialiser-votre-mot-de-passe\/\",\"name\":\"r\u00e9initialiser votre mot de passe\",\"isPartOf\":{\"@id\":\"https:\/\/www.telealarm.com\/#website\"},\"datePublished\":\"2022-02-04T13:00:53+00:00\",\"dateModified\":\"2022-03-23T15:58:15+00:00\",\"description\":\"2022 | TELEALARM EUROPE GMBH | MENTIONS L\u00c9GALES | POLITIQUE DE CONFIDENTIALIT\u00c9 | CONDITIONS G\u00c9N\u00c9RALES DE VENTE\",\"breadcrumb\":{\"@id\":\"https:\/\/www.telealarm.com\/fr\/reinitialiser-votre-mot-de-passe\/#breadcrumb\"},\"inLanguage\":\"fr-FR\",\"potentialAction\":[{\"@type\":\"ReadAction\",\"target\":[\"https:\/\/www.telealarm.com\/fr\/reinitialiser-votre-mot-de-passe\/\"]}]},{\"@type\":\"BreadcrumbList\",\"@id\":\"https:\/\/www.telealarm.com\/fr\/reinitialiser-votre-mot-de-passe\/#breadcrumb\",\"itemListElement\":[{\"@type\":\"ListItem\",\"position\":1,\"name\":\"Startseite\",\"item\":\"https:\/\/www.telealarm.com\/fr\/\"},{\"@type\":\"ListItem\",\"position\":2,\"name\":\"r\u00e9initialiser votre mot de passe\"}]},{\"@type\":\"WebSite\",\"@id\":\"https:\/\/www.telealarm.com\/#website\",\"url\":\"https:\/\/www.telealarm.com\/\",\"name\":\"TeleAlarm\",\"description\":\"Swiss Design\",\"potentialAction\":[{\"@type\":\"SearchAction\",\"target\":{\"@type\":\"EntryPoint\",\"urlTemplate\":\"https:\/\/www.telealarm.com\/?s={search_term_string}\"},\"query-input\":\"required name=search_term_string\"}],\"inLanguage\":\"fr-FR\"}]}<\/script>\n<!-- \/ Yoast SEO plugin. -->","yoast_head_json":{"title":"r\u00e9initialiser votre mot de passe","description":"2022 | TELEALARM EUROPE GMBH | MENTIONS L\u00c9GALES | POLITIQUE DE CONFIDENTIALIT\u00c9 | CONDITIONS G\u00c9N\u00c9RALES DE VENTE","robots":{"index":"noindex","follow":"follow"},"og_locale":"fr_FR","og_type":"article","og_title":"r\u00e9initialiser votre mot de passe","og_description":"2022 | TELEALARM EUROPE GMBH | MENTIONS L\u00c9GALES | POLITIQUE DE CONFIDENTIALIT\u00c9 | CONDITIONS G\u00c9N\u00c9RALES DE VENTE","og_url":"https:\/\/www.telealarm.com\/fr\/reinitialiser-votre-mot-de-passe\/","og_site_name":"TeleAlarm","article_modified_time":"2022-03-23T15:58:15+00:00","twitter_card":"summary_large_image","twitter_misc":{"Dur\u00e9e de lecture estim\u00e9e":"1 minute"},"schema":{"@context":"https:\/\/schema.org","@graph":[{"@type":"WebPage","@id":"https:\/\/www.telealarm.com\/fr\/reinitialiser-votre-mot-de-passe\/","url":"https:\/\/www.telealarm.com\/fr\/reinitialiser-votre-mot-de-passe\/","name":"r\u00e9initialiser votre mot de passe","isPartOf":{"@id":"https:\/\/www.telealarm.com\/#website"},"datePublished":"2022-02-04T13:00:53+00:00","dateModified":"2022-03-23T15:58:15+00:00","description":"2022 | TELEALARM EUROPE GMBH | MENTIONS L\u00c9GALES | POLITIQUE DE CONFIDENTIALIT\u00c9 | CONDITIONS G\u00c9N\u00c9RALES DE VENTE","breadcrumb":{"@id":"https:\/\/www.telealarm.com\/fr\/reinitialiser-votre-mot-de-passe\/#breadcrumb"},"inLanguage":"fr-FR","potentialAction":[{"@type":"ReadAction","target":["https:\/\/www.telealarm.com\/fr\/reinitialiser-votre-mot-de-passe\/"]}]},{"@type":"BreadcrumbList","@id":"https:\/\/www.telealarm.com\/fr\/reinitialiser-votre-mot-de-passe\/#breadcrumb","itemListElement":[{"@type":"ListItem","position":1,"name":"Startseite","item":"https:\/\/www.telealarm.com\/fr\/"},{"@type":"ListItem","position":2,"name":"r\u00e9initialiser votre mot de passe"}]},{"@type":"WebSite","@id":"https:\/\/www.telealarm.com\/#website","url":"https:\/\/www.telealarm.com\/","name":"TeleAlarm","description":"Swiss Design","potentialAction":[{"@type":"SearchAction","target":{"@type":"EntryPoint","urlTemplate":"https:\/\/www.telealarm.com\/?s={search_term_string}"},"query-input":"required name=search_term_string"}],"inLanguage":"fr-FR"}]}},"_links":{"self":[{"href":"https:\/\/www.telealarm.com\/fr\/wp-json\/wp\/v2\/pages\/60065\/"}],"collection":[{"href":"https:\/\/www.telealarm.com\/fr\/wp-json\/wp\/v2\/pages\/"}],"about":[{"href":"https:\/\/www.telealarm.com\/fr\/wp-json\/wp\/v2\/types\/page\/"}],"author":[{"embeddable":true,"href":"https:\/\/www.telealarm.com\/fr\/wp-json\/wp\/v2\/users\/167\/"}],"replies":[{"embeddable":true,"href":"https:\/\/www.telealarm.com\/fr\/wp-json\/wp\/v2\/comments\/?post=60065"}],"version-history":[{"count":5,"href":"https:\/\/www.telealarm.com\/fr\/wp-json\/wp\/v2\/pages\/60065\/revisions\/"}],"predecessor-version":[{"id":60392,"href":"https:\/\/www.telealarm.com\/fr\/wp-json\/wp\/v2\/pages\/60065\/revisions\/60392\/"}],"wp:attachment":[{"href":"https:\/\/www.telealarm.com\/fr\/wp-json\/wp\/v2\/media\/?parent=60065"}],"curies":[{"name":"wp","href":"https:\/\/api.w.org\/{rel}","templated":true}]}}