{"id":58687,"date":"2021-10-08T15:10:51","date_gmt":"2021-10-08T13:10:51","guid":{"rendered":"https:\/\/www.telealarm.com\/?page_id=58687"},"modified":"2022-03-23T16:57:49","modified_gmt":"2022-03-23T15:57:49","slug":"partner-area-registration","status":"publish","type":"page","link":"https:\/\/www.telealarm.com\/fr\/partner-area-registration\/","title":{"rendered":"Registrar"},"content":{"rendered":"<section class=\"wpb-content-wrapper\"><p>[vc_row equal_height=&#8221;yes&#8221; content_placement=&#8221;middle&#8221; css=&#8221;.vc_custom_1582526666709{padding-top: 70px !important;padding-bottom: 50px !important;}&#8221;][vc_column css=&#8221;.vc_custom_1571477821281{padding-bottom: 30px !important;}&#8221;][vc_empty_space][vc_column_text]        <form enctype=\"multipart\/form-data\" method=\"post\" id=\"wppb-register-user\" class=\"wppb-user-forms wppb-register-user wppb-user-logged-out\" action=\"https:\/\/www.telealarm.com\/fr\/wp-json\/wp\/v2\/pages\/58687\/\">\n\t\t\t<ul><li class=\"wppb-form-field wppb-default-username\" id=\"wppb-form-element-2\">\n\t\t\t<label for=\"username\">Username<span class=\"wppb-required\" title=\"This field is required\">*<\/span><\/label>\n\t\t\t<input class=\"text-input default_field_username \" name=\"username\" maxlength=\"70\" type=\"text\" id=\"username\" value=\"\"  \/><\/li><li class=\"wppb-form-field wppb-default-first-name\" id=\"wppb-form-element-3\">\n\t\t\t<label for=\"first_name\">First Name<\/label>\n\t\t\t<input class=\"text-input default_field_firstname \" name=\"first_name\" maxlength=\"70\" type=\"text\" id=\"first_name\" value=\"\"  \/><\/li><li class=\"wppb-form-field wppb-default-last-name\" id=\"wppb-form-element-4\">\n\t\t\t<label for=\"last_name\">Last name<\/label>\n\t\t\t<input class=\"text-input default_field_lastname \" name=\"last_name\" maxlength=\"70\" type=\"text\" id=\"last_name\" value=\"\" \/><\/li><li class=\"wppb-form-field wppb-default-display-name-publicly-as\" id=\"wppb-form-element-6\"><\/li><li class=\"wppb-form-field wppb-default-e-mail\" id=\"wppb-form-element-8\">\n\t\t\t<label for=\"email\">E-mail<span class=\"wppb-required\" title=\"This field is required\">*<\/span><\/label>\n\t\t\t<input class=\"text-input default_field_email \" name=\"email\" maxlength=\"70\" type=\"email\" id=\"email\" value=\"\"   \/><\/li><li class=\"wppb-form-field wppb-default-password\" id=\"wppb-form-element-12\">\n\t\t\t<label for=\"passw1\">Password<span class=\"wppb-required\" title=\"This field is required\">*<\/span><\/label>\n            <span class=\"wppb-password-field-container\">\n\t\t\t    <input class=\"text-input \" name=\"passw1\" maxlength=\"70\" type=\"password\" id=\"passw1\" value=\"\" autocomplete=\"off\" \/>\n\t\t\t     <!-- add the HTML for the visibility toggle -->\n\t\t\t<\/span><span class=\"wppb-description-delimiter\"> <\/span><\/li><li class=\"wppb-form-field wppb-default-repeat-password\" id=\"wppb-form-element-15\">\n\t\t\t<label for=\"passw2\"><span class=\"wppb-required\" title=\"This field is required\">*<\/span><\/label>\n\t\t\t<span class=\"wppb-password-field-container\">\n\t\t\t    <input class=\"text-input \" name=\"passw2\" maxlength=\"70\" type=\"password\" id=\"passw2\" value=\"\" autocomplete=\"off\" \/>\n\t\t\t     <!-- add the HTML for the visibility toggle -->\n\t\t\t<\/span><\/li><\/ul><ul><li class=\"wppb-form-field wppb-send-credentials-checkbox\"><label for=\"send_credentials_via_email\"><input id=\"send_credentials_via_email\" type=\"checkbox\" name=\"send_credentials_via_email\" value=\"sending\"\/>Send these credentials via email.<\/label><\/li><\/ul>\t\t\t<p class=\"form-submit\"  >\n\t\t\t\t                \t\t\t\t<input name=\"register\" type=\"submit\" id=\"register\" class=\"submit button\" value=\"Register\" \/>\n                <input name=\"redirect_to\" type=\"hidden\" value=\"\" \/>\n                \t\t\t\t<input name=\"action\" type=\"hidden\" id=\"action\" value=\"register\" \/>\n\t\t\t\t<input name=\"form_name\" type=\"hidden\" id=\"form_name\" value=\"unspecified\" \/>\n\t\t\t\t<input name=\"form_id\" type=\"hidden\" id=\"form_id\" value=\"\" \/>\n\t\t\t\t\t\t\t<\/p><!-- .form-submit -->\n\t\t\t<input type=\"hidden\" id=\"register_unspecified_nonce_field\" name=\"register_unspecified_nonce_field\" value=\"0d1bd9147a\" \/><input type=\"hidden\" name=\"_wp_http_referer\" value=\"\/fr\/wp-json\/wp\/v2\/pages\/58687\/\" \/>\t\t<\/form>\n\t\t[\/vc_column_text][vc_empty_space][\/vc_column][\/vc_row][vc_row bg_type=&#8221;bg_color&#8221; bg_override=&#8221;ex-full&#8221; margin_bottom=&#8221;-50&#8243; padding_top=&#8221;25&#8243; padding_bottom=&#8221;25&#8243; bg_color=&#8221;#222222&#8243; type=&#8221;2&#8243; bg_color_value=&#8221;#222222&#8243; css=&#8221;.vc_custom_1592371230691{padding-top: 10px !important;padding-bottom: 16px !important;background-color: #222222 !important;}&#8221; el_id=&#8221;footer_copyright&#8221;][vc_column width=&#8221;3\/4&#8243; offset=&#8221;vc_col-lg-9 vc_col-md-9&#8243; css=&#8221;.vc_custom_1593724162491{padding-top: 10px !important;padding-bottom: 10px !important;}&#8221; el_class=&#8221;footer_link&#8221;][vc_column_text]<\/p>\n<p style=\"font-size: 13px; line-height: 22px; color: #ffffff;\"><i class=\"fa fa-copyright\" style=\"color: #ffffff;\"><\/i> 2022 | TELEALARM EUROPE GMBH | <a style=\"color: #ffffff; text-decoration: none;\" href=\"https:\/\/www.telealarm.com\/fr\/impressum\/\">MENTIONS L\u00c9GALES<\/a> | <a style=\"color: #ffffff; text-decoration: none;\" href=\"https:\/\/www.telealarm.com\/fr\/politique-de-confidentialite\/\">POLITIQUE DE CONFIDENTIALIT\u00c9<\/a> | <a style=\"color: #ffffff; text-decoration: none;\" href=\"https:\/\/www.telealarm.com\/fr\/agb\/\">CONDITIONS G\u00c9N\u00c9RALES DE VENTE<\/a><\/p>\n<p>[\/vc_column_text][\/vc_column][vc_column width=&#8221;1\/4&#8243; offset=&#8221;vc_col-lg-3 vc_col-md-3&#8243; css=&#8221;.vc_custom_1593724175778{padding-top: 10px !important;padding-bottom: 10px !important;}&#8221; el_class=&#8221;footer_social&#8221;]<div class=\" vc_custom_1591001863042 uavc-icons-right uavc-icons \">\n<a class=\"aio-tooltip 69eca812a0c6c\" href=\"https:\/\/www.linkedin.com\/company\/telealarm\/\" target=\"_blank\" rel=\"noopener\"  data-toggle=\"tooltip\" data-placement=\"\" title=\"\"><div class=\"aio-icon advanced \" data-animation=\"\" data-animation-delay=\"03\" style=\"color:#ffffff;background:rgba(0,0,0,0.01);border-style:solid;border-color:rgba(255,255,255,0.2);border-width:2px;width:32px;height:32px;line-height:32px;border-radius:500px;font-size:16px;margin-right:5px;\">\n\t<i class=\"icomoon-free-social-contact-16x16-linkedin2\"><\/i>\n<\/div><\/a><\/div>[\/vc_column][\/vc_row]<\/p>\n<\/section>","protected":false},"excerpt":{"rendered":"<p>[vc_row equal_height=&#8221;yes&#8221; content_placement=&#8221;middle&#8221; css=&#8221;.vc_custom_1582526666709{padding-top: 70px !important;padding-bottom: 50px !important;}&#8221;][vc_column css=&#8221;.vc_custom_1571477821281{padding-bottom: 30px !important;}&#8221;][vc_empty_space][vc_column_text][\/vc_column_text][vc_empty_space][\/vc_column][\/vc_row][vc_row bg_type=&#8221;bg_color&#8221; bg_override=&#8221;ex-full&#8221; margin_bottom=&#8221;-50&#8243; padding_top=&#8221;25&#8243; padding_bottom=&#8221;25&#8243; bg_color=&#8221;#222222&#8243; type=&#8221;2&#8243; bg_color_value=&#8221;#222222&#8243; css=&#8221;.vc_custom_1592371230691{padding-top: 10px !important;padding-bottom: 16px !important;background-color: #222222 !important;}&#8221; el_id=&#8221;footer_copyright&#8221;][vc_column width=&#8221;3\/4&#8243; offset=&#8221;vc_col-lg-9 vc_col-md-9&#8243; css=&#8221;.vc_custom_1593724162491{padding-top: 10px !important;padding-bottom: 10px !important;}&#8221; el_class=&#8221;footer_link&#8221;][vc_column_text] 2022 | TELEALARM EUROPE GMBH | MENTIONS L\u00c9GALES | POLITIQUE DE CONFIDENTIALIT\u00c9 | CONDITIONS G\u00c9N\u00c9RALES DE VENTE [\/vc_column_text][\/vc_column][vc_column width=&#8221;1\/4&#8243;&hellip;<\/p>\n","protected":false},"author":167,"featured_media":0,"parent":0,"menu_order":0,"comment_status":"closed","ping_status":"closed","template":"template-microsite.php","meta":{"footnotes":""},"class_list":["post-58687","page","type-page","status-publish","hentry","description-off"],"yoast_head":"<!-- This site is optimized with the Yoast SEO plugin v20.2.1 - https:\/\/yoast.com\/wordpress\/plugins\/seo\/ -->\n<title>Registrar<\/title>\n<meta name=\"description\" content=\"2022 | TELEALARM EUROPE GMBH | MENTIONS L\u00c9GALES | POLITIQUE DE CONFIDENTIALIT\u00c9 | CONDITIONS G\u00c9N\u00c9RALES DE VENTE\" \/>\n<meta name=\"robots\" content=\"index, follow, max-snippet:-1, max-image-preview:large, max-video-preview:-1\" \/>\n<link rel=\"canonical\" href=\"https:\/\/www.telealarm.com\/fr\/partner-area-registration\/\" \/>\n<meta property=\"og:locale\" content=\"fr_FR\" \/>\n<meta property=\"og:type\" content=\"article\" \/>\n<meta property=\"og:title\" content=\"Registrar\" \/>\n<meta property=\"og:description\" content=\"2022 | TELEALARM EUROPE GMBH | MENTIONS L\u00c9GALES | POLITIQUE DE CONFIDENTIALIT\u00c9 | CONDITIONS G\u00c9N\u00c9RALES DE VENTE\" \/>\n<meta property=\"og:url\" content=\"https:\/\/www.telealarm.com\/fr\/partner-area-registration\/\" \/>\n<meta property=\"og:site_name\" content=\"TeleAlarm\" \/>\n<meta property=\"article:modified_time\" content=\"2022-03-23T15:57:49+00:00\" \/>\n<meta name=\"twitter:card\" content=\"summary_large_image\" \/>\n<meta name=\"twitter:label1\" content=\"Dur\u00e9e de lecture estim\u00e9e\" \/>\n\t<meta name=\"twitter:data1\" content=\"1 minute\" \/>\n<script type=\"application\/ld+json\" class=\"yoast-schema-graph\">{\"@context\":\"https:\/\/schema.org\",\"@graph\":[{\"@type\":\"WebPage\",\"@id\":\"https:\/\/www.telealarm.com\/fr\/partner-area-registration\/\",\"url\":\"https:\/\/www.telealarm.com\/fr\/partner-area-registration\/\",\"name\":\"Registrar\",\"isPartOf\":{\"@id\":\"https:\/\/www.telealarm.com\/#website\"},\"datePublished\":\"2021-10-08T13:10:51+00:00\",\"dateModified\":\"2022-03-23T15:57:49+00:00\",\"description\":\"2022 | TELEALARM EUROPE GMBH | MENTIONS L\u00c9GALES | POLITIQUE DE CONFIDENTIALIT\u00c9 | CONDITIONS G\u00c9N\u00c9RALES DE VENTE\",\"breadcrumb\":{\"@id\":\"https:\/\/www.telealarm.com\/fr\/partner-area-registration\/#breadcrumb\"},\"inLanguage\":\"fr-FR\",\"potentialAction\":[{\"@type\":\"ReadAction\",\"target\":[\"https:\/\/www.telealarm.com\/fr\/partner-area-registration\/\"]}]},{\"@type\":\"BreadcrumbList\",\"@id\":\"https:\/\/www.telealarm.com\/fr\/partner-area-registration\/#breadcrumb\",\"itemListElement\":[{\"@type\":\"ListItem\",\"position\":1,\"name\":\"Startseite\",\"item\":\"https:\/\/www.telealarm.com\/fr\/\"},{\"@type\":\"ListItem\",\"position\":2,\"name\":\"Registrar\"}]},{\"@type\":\"WebSite\",\"@id\":\"https:\/\/www.telealarm.com\/#website\",\"url\":\"https:\/\/www.telealarm.com\/\",\"name\":\"TeleAlarm\",\"description\":\"Swiss Design\",\"potentialAction\":[{\"@type\":\"SearchAction\",\"target\":{\"@type\":\"EntryPoint\",\"urlTemplate\":\"https:\/\/www.telealarm.com\/?s={search_term_string}\"},\"query-input\":\"required name=search_term_string\"}],\"inLanguage\":\"fr-FR\"}]}<\/script>\n<!-- \/ Yoast SEO plugin. -->","yoast_head_json":{"title":"Registrar","description":"2022 | TELEALARM EUROPE GMBH | MENTIONS L\u00c9GALES | POLITIQUE DE CONFIDENTIALIT\u00c9 | CONDITIONS G\u00c9N\u00c9RALES DE VENTE","robots":{"index":"index","follow":"follow","max-snippet":"max-snippet:-1","max-image-preview":"max-image-preview:large","max-video-preview":"max-video-preview:-1"},"canonical":"https:\/\/www.telealarm.com\/fr\/partner-area-registration\/","og_locale":"fr_FR","og_type":"article","og_title":"Registrar","og_description":"2022 | TELEALARM EUROPE GMBH | MENTIONS L\u00c9GALES | POLITIQUE DE CONFIDENTIALIT\u00c9 | CONDITIONS G\u00c9N\u00c9RALES DE VENTE","og_url":"https:\/\/www.telealarm.com\/fr\/partner-area-registration\/","og_site_name":"TeleAlarm","article_modified_time":"2022-03-23T15:57:49+00:00","twitter_card":"summary_large_image","twitter_misc":{"Dur\u00e9e de lecture estim\u00e9e":"1 minute"},"schema":{"@context":"https:\/\/schema.org","@graph":[{"@type":"WebPage","@id":"https:\/\/www.telealarm.com\/fr\/partner-area-registration\/","url":"https:\/\/www.telealarm.com\/fr\/partner-area-registration\/","name":"Registrar","isPartOf":{"@id":"https:\/\/www.telealarm.com\/#website"},"datePublished":"2021-10-08T13:10:51+00:00","dateModified":"2022-03-23T15:57:49+00:00","description":"2022 | TELEALARM EUROPE GMBH | MENTIONS L\u00c9GALES | POLITIQUE DE CONFIDENTIALIT\u00c9 | CONDITIONS G\u00c9N\u00c9RALES DE VENTE","breadcrumb":{"@id":"https:\/\/www.telealarm.com\/fr\/partner-area-registration\/#breadcrumb"},"inLanguage":"fr-FR","potentialAction":[{"@type":"ReadAction","target":["https:\/\/www.telealarm.com\/fr\/partner-area-registration\/"]}]},{"@type":"BreadcrumbList","@id":"https:\/\/www.telealarm.com\/fr\/partner-area-registration\/#breadcrumb","itemListElement":[{"@type":"ListItem","position":1,"name":"Startseite","item":"https:\/\/www.telealarm.com\/fr\/"},{"@type":"ListItem","position":2,"name":"Registrar"}]},{"@type":"WebSite","@id":"https:\/\/www.telealarm.com\/#website","url":"https:\/\/www.telealarm.com\/","name":"TeleAlarm","description":"Swiss Design","potentialAction":[{"@type":"SearchAction","target":{"@type":"EntryPoint","urlTemplate":"https:\/\/www.telealarm.com\/?s={search_term_string}"},"query-input":"required name=search_term_string"}],"inLanguage":"fr-FR"}]}},"_links":{"self":[{"href":"https:\/\/www.telealarm.com\/fr\/wp-json\/wp\/v2\/pages\/58687\/"}],"collection":[{"href":"https:\/\/www.telealarm.com\/fr\/wp-json\/wp\/v2\/pages\/"}],"about":[{"href":"https:\/\/www.telealarm.com\/fr\/wp-json\/wp\/v2\/types\/page\/"}],"author":[{"embeddable":true,"href":"https:\/\/www.telealarm.com\/fr\/wp-json\/wp\/v2\/users\/167\/"}],"replies":[{"embeddable":true,"href":"https:\/\/www.telealarm.com\/fr\/wp-json\/wp\/v2\/comments\/?post=58687"}],"version-history":[{"count":3,"href":"https:\/\/www.telealarm.com\/fr\/wp-json\/wp\/v2\/pages\/58687\/revisions\/"}],"predecessor-version":[{"id":60391,"href":"https:\/\/www.telealarm.com\/fr\/wp-json\/wp\/v2\/pages\/58687\/revisions\/60391\/"}],"wp:attachment":[{"href":"https:\/\/www.telealarm.com\/fr\/wp-json\/wp\/v2\/media\/?parent=58687"}],"curies":[{"name":"wp","href":"https:\/\/api.w.org\/{rel}","templated":true}]}}