{"id":52459,"date":"2020-06-01T15:46:15","date_gmt":"2020-06-01T13:46:15","guid":{"rendered":"https:\/\/www.telealarm.com\/impressum\/"},"modified":"2025-04-25T15:29:12","modified_gmt":"2025-04-25T13:29:12","slug":"impressum-2","status":"publish","type":"page","link":"https:\/\/www.telealarm.com\/fr\/impressum-2\/","title":{"rendered":"Impressum"},"content":{"rendered":"<section class=\"wpb-content-wrapper\"><p>[vc_row equal_height=&#8221;yes&#8221; content_placement=&#8221;middle&#8221; css=&#8221;.vc_custom_1599070971082{padding-top: 50px !important;padding-bottom: 50px !important;}&#8221; el_class=&#8221;full_content&#8221;][vc_column css=&#8221;.vc_custom_1571477821281{padding-bottom: 30px !important;}&#8221;]<div id=\"ultimate-heading-140469f36612e4a16\" class=\"uvc-heading ult-adjust-bottom-margin ultimate-heading-140469f36612e4a16 uvc-3804 \" data-hspacer=\"no_spacer\"  data-halign=\"left\" style=\"text-align:left\"><div class=\"uvc-heading-spacer no_spacer\" style=\"top\"><\/div><div class=\"uvc-main-heading ult-responsive\"  data-ultimate-target='.uvc-heading.ultimate-heading-140469f36612e4a16 h2'  data-responsive-json-new='{\"font-size\":\"tablet_portrait:34px;\",\"line-height\":\"tablet_portrait:44px;\"}' ><h2 style=\"font-weight:bold;margin-bottom:20px;\">Mentions l\u00e9gales<\/h2><\/div><\/div>[vc_column_text]<\/p>\n<h4><strong>Corporate Information according to \u00a75 Telemediengesetz (TMG)<\/strong><\/h4>\n<p>The responsible legal person for the planning, implementation, maintenance and administration of the website www.telealarm.com is:<\/p>\n<p><strong>TeleAlarm Europe GmbH<\/strong><\/p>\n<p>Torgauer Str. 231<br \/>\n04347 Leipzig<br \/>\nAllemagne<\/p>\n<p>Tel : 0049 341 332001-0<br \/>\ne-mail : info@telealarm.com<\/p>\n<p>www.telealarm.com<\/p>\n<p>Managing directors: Dr. Arnd Karden<br \/>\nRegistered office: Leipzig<br \/>\nRegistry Court Leipzig: HRB 31229<br \/>\nVAT ID according to \u00a727a German Turnover Tax Act: DE297177525[\/vc_column_text][vc_empty_space][\/vc_column][\/vc_row][vc_row bg_type=&#8221;bg_color&#8221; bg_override=&#8221;full&#8221; css=&#8221;.vc_custom_1703233217511{background-position: center !important;background-repeat: no-repeat !important;background-size: cover !important;}&#8221; bg_color_value=&#8221;#0f0f0f&#8221;][vc_column][vc_empty_space height=&#8221;50px&#8221;]<div id=\"ultimate-heading-457969f36612e4a81\" class=\"uvc-heading ult-adjust-bottom-margin ultimate-heading-457969f36612e4a81 uvc-5302  uvc-heading-default-font-sizes\" data-hspacer=\"no_spacer\"  data-halign=\"center\" style=\"text-align:center\"><div class=\"uvc-heading-spacer no_spacer\" style=\"top\"><\/div><div class=\"uvc-main-heading ult-responsive\"  data-ultimate-target='.uvc-heading.ultimate-heading-457969f36612e4a81 h2'  data-responsive-json-new='{\"font-size\":\"\",\"line-height\":\"\"}' ><h2 style=\"--font-weight:theme;color:#ffffff;\">Derni\u00e8res nouvelles de TeleAlarm<\/h2><\/div><div class=\"uvc-sub-heading ult-responsive\"  data-ultimate-target='.uvc-heading.ultimate-heading-457969f36612e4a81 .uvc-sub-heading '  data-responsive-json-new='{\"font-size\":\"\",\"line-height\":\"\"}'  style=\"font-weight:normal;\"><\/p>\n<p style=\"text-align: center;\"><span style=\"color: #ffffff;\">Ne manquez pas les informations ou les mises \u00e0 jour techniques en vous abonnant \u00e0 notre newsletter.<\/span><\/p>\n<p><\/div><\/div>[vc_empty_space height=&#8221;35px&#8221;]<style type=\"text\/css\" data-type=\"the7_shortcodes-inline-css\">#default-btn-adc148691fe8562e58828be718dce156.ico-right-side > i {\n  margin-right: 0px;\n  margin-left: 8px;\n}\n#default-btn-adc148691fe8562e58828be718dce156 > i {\n  margin-right: 8px;\n}<\/style><div class=\"btn-align-center\"><a href=\"https:\/\/www.telealarm.com\/fr\/subscribe-to-newsletter\/\" class=\"default-btn-shortcode dt-btn dt-btn-m link-hover-off \" target=\"_blank\" id=\"default-btn-adc148691fe8562e58828be718dce156\" style=\"width:350px;\" rel=\"noopener\"><span>S&#8217;inscrire<\/span><\/a><\/div>[vc_empty_space height=&#8221;50px&#8221;][\/vc_column][\/vc_row][vc_row bg_type=&#8221;bg_color&#8221; bg_override=&#8221;full&#8221; css=&#8221;.vc_custom_1703233217511{background-position: center !important;background-repeat: no-repeat !important;background-size: cover !important;}&#8221; bg_color_value=&#8221;#0f0f0f&#8221;][vc_column width=&#8221;1\/4&#8243;]<div id=\"ultimate-heading-716169f36612e4bbd\" class=\"uvc-heading ult-adjust-bottom-margin ultimate-heading-716169f36612e4bbd uvc-3483  uvc-heading-default-font-sizes\" data-hspacer=\"no_spacer\"  data-halign=\"left\" style=\"text-align:left\"><div class=\"uvc-heading-spacer no_spacer\" style=\"top\"><\/div><div class=\"uvc-sub-heading ult-responsive\"  data-ultimate-target='.uvc-heading.ultimate-heading-716169f36612e4bbd .uvc-sub-heading '  data-responsive-json-new='{\"font-size\":\"\",\"line-height\":\"\"}'  style=\"font-weight:normal;\"><\/p>\n<p style=\"text-align: left;\"><span style=\"color: #ffffff;\"><strong>Produits<\/strong><\/span><\/p>\n<p style=\"text-align: left;\"><a style=\"text-decoration: none;\" href=\"https:\/\/www.telealarm.com\/fr\/teleassistance\/\"><span style=\"color: #999999;\">Appareils de t\u00e9l\u00e9assistance<\/span><\/a><\/p>\n<p style=\"text-align: left;\"><a style=\"text-decoration: none;\" href=\"https:\/\/www.telealarm.com\/fr\/assistive-technology-peripherals\/\"><span style=\"color: #999999;\">Accessoires pour appareils de t\u00e9l\u00e9assistance<\/span><\/a><\/p>\n<p style=\"text-align: left;\"><a style=\"text-decoration: none;\" href=\"https:\/\/www.telealarm.com\/fr\/nursecall-systemes\/\"><span style=\"color: #999999;\">Syst\u00e8mes d\u2019appel infirmi\u00e8res<\/span><\/a><\/p>\n<p style=\"text-align: left;\"><a style=\"text-decoration: none;\" href=\"https:\/\/www.telealarm.com\/fr\/systeme-dalarme-mobile\/\"><span style=\"color: #999999;\">EV-04 Syst\u00e8me d\u2019alarme mobile<\/span><\/a><\/p>\n<p style=\"text-align: left;\"><a style=\"text-decoration: none;\" href=\"https:\/\/www.telealarm.com\/fr\/lms9-professional-system\/\"><span style=\"color: #999999;\">Logiciel pour centrale d\u2019appels d\u2018urgence<\/span><\/a><\/p>\n<p style=\"text-align: left;\"><a style=\"text-decoration: none;\" href=\"https:\/\/www.telealarm.com\/fr\/cms-cloud-monitoring-system\/\"><span style=\"color: #999999;\">CMS Monitoring System<\/span><\/a><\/p>\n<p style=\"text-align: left;\"><a style=\"text-decoration: none;\" href=\"https:\/\/www.telealarm.com\/fr\/cloud-services\/\"><span style=\"color: #999999;\">TeleAlarm Cloud Services<\/span><\/a><\/p>\n<p><\/div><\/div>[\/vc_column][vc_column width=&#8221;1\/4&#8243;]<div id=\"ultimate-heading-484369f36612e4bf5\" class=\"uvc-heading ult-adjust-bottom-margin ultimate-heading-484369f36612e4bf5 uvc-9761  uvc-heading-default-font-sizes\" data-hspacer=\"no_spacer\"  data-halign=\"left\" style=\"text-align:left\"><div class=\"uvc-heading-spacer no_spacer\" style=\"top\"><\/div><div class=\"uvc-sub-heading ult-responsive\"  data-ultimate-target='.uvc-heading.ultimate-heading-484369f36612e4bf5 .uvc-sub-heading '  data-responsive-json-new='{\"font-size\":\"\",\"line-height\":\"\"}'  style=\"font-weight:normal;\"><\/p>\n<p style=\"text-align: left;\"><span style=\"color: #ffffff;\"><strong>Appareils de t\u00e9l\u00e9assistance<\/strong><\/span><\/p>\n<p style=\"text-align: left;\"><a style=\"text-decoration: none;\" href=\"https:\/\/www.telealarm.com\/fr\/project\/ta74-2\/\"><span style=\"color: #999999;\">T\u00e9l\u00e9assistance TA74<\/span><\/a><\/p>\n<p style=\"text-align: left;\"><a style=\"text-decoration: none;\" href=\"https:\/\/www.telealarm.com\/fr\/project\/tx-ng\/\"><span style=\"color: #999999;\">Tx NG &#8211; \u00c9metteur radio<\/span><\/a><\/p>\n<p><a style=\"text-decoration: none;\" href=\"https:\/\/www.telealarm.com\/fr\/project\/s37-2\/\"><span style=\"color: #999999;\">S37 &#8211; \u00c9metteur radio<\/span><\/a><\/p>\n<p style=\"text-align: left;\"><a style=\"text-decoration: none;\" href=\"https:\/\/www.telealarm.com\/fr\/project\/detecteur-de-chute-vibby-oak\/\"><span style=\"color: #999999;\">Vibby Oak &#8211; D\u00e9tecteur de chute<\/span><\/a><\/p>\n<p>&nbsp;<\/p>\n<p style=\"text-align: left;\"><span style=\"color: #ffffff;\"><strong>Extension audio<\/strong><\/span><\/p>\n<p style=\"text-align: left;\"><a style=\"text-decoration: none;\" href=\"https:\/\/www.telealarm.com\/fr\/project\/ta70\/\"><span style=\"color: #999999;\">TA70 Audio Extender<\/span><\/a><\/p>\n<p><\/div><\/div>[\/vc_column][vc_column width=&#8221;1\/4&#8243;]<div id=\"ultimate-heading-502269f36612e4c24\" class=\"uvc-heading ult-adjust-bottom-margin ultimate-heading-502269f36612e4c24 uvc-716  uvc-heading-default-font-sizes\" data-hspacer=\"no_spacer\"  data-halign=\"left\" style=\"text-align:left\"><div class=\"uvc-heading-spacer no_spacer\" style=\"top\"><\/div><div class=\"uvc-sub-heading ult-responsive\"  data-ultimate-target='.uvc-heading.ultimate-heading-502269f36612e4c24 .uvc-sub-heading '  data-responsive-json-new='{\"font-size\":\"\",\"line-height\":\"\"}'  style=\"font-weight:normal;\"><\/p>\n<p style=\"text-align: left;\"><span style=\"color: #ffffff;\"><strong>Syst\u00e8mes d\u2019appel infirmi\u00e8res<\/strong><\/span><\/p>\n<p style=\"text-align: left;\"><a style=\"text-decoration: none;\" href=\"https:\/\/www.telealarm.com\/fr\/project\/main-unit-8\/\"><span style=\"color: #999999;\">NurseCall 8 &#8211; Main Unit<\/span><\/a><\/p>\n<p style=\"text-align: left;\"><a style=\"text-decoration: none;\" href=\"https:\/\/www.telealarm.com\/fr\/project\/pr80-appareil-de-programmation\/\"><span style=\"color: #999999;\">PR80 &#8211; Appareil de programmation<\/span><\/a><\/p>\n<p style=\"text-align: left;\"><a style=\"text-decoration: none;\" href=\"https:\/\/www.telealarm.com\/fr\/project\/le80\/\"><span style=\"color: #999999;\">LE80 &#8211; R\u00e9cepteur radio<\/span><\/a><\/p>\n<p><a style=\"text-decoration: none;\" href=\"https:\/\/www.telealarm.com\/fr\/project\/n86-emetteur-multicriteres\/\"><span style=\"color: #999999;\">N86 &#8211; \u00c9metteur multicrit\u00e8res<\/span><\/a><\/p>\n<p style=\"text-align: left;\"><a style=\"text-decoration: none;\" href=\"https:\/\/www.telealarm.com\/fr\/project\/contact-dalarme-radio-avec-aimant-rac80\/\"><span style=\"color: #999999;\">RAC80 &#8211; Contact d\u2019alarme<\/span><\/a><\/p>\n<p style=\"text-align: left;\"><a style=\"text-decoration: none;\" href=\"https:\/\/www.telealarm.com\/fr\/project\/b81\/\"><span style=\"color: #999999;\">B81 &#8211; \u00c9metteur de quittance<\/span><\/a><\/p>\n<p style=\"text-align: left;\"><a style=\"text-decoration: none;\" href=\"https:\/\/www.telealarm.com\/fr\/project\/s85\/\"><span style=\"color: #999999;\">S85 &#8211; \u00c9metteur pendentif<\/span><\/a><\/p>\n<p><\/div><\/div>[\/vc_column][vc_column width=&#8221;1\/4&#8243;]<div id=\"ultimate-heading-51669f36612e4c51\" class=\"uvc-heading ult-adjust-bottom-margin ultimate-heading-51669f36612e4c51 uvc-993  uvc-heading-default-font-sizes\" data-hspacer=\"no_spacer\"  data-halign=\"left\" style=\"text-align:left\"><div class=\"uvc-heading-spacer no_spacer\" style=\"top\"><\/div><div class=\"uvc-sub-heading ult-responsive\"  data-ultimate-target='.uvc-heading.ultimate-heading-51669f36612e4c51 .uvc-sub-heading '  data-responsive-json-new='{\"font-size\":\"\",\"line-height\":\"\"}'  style=\"font-weight:normal;\"><\/p>\n<p style=\"text-align: left;\"><span style=\"color: #ffffff;\"><strong>Actualit\u00e9s et informations<\/strong><\/span><\/p>\n<p style=\"text-align: left;\"><a style=\"text-decoration: none;\" href=\"https:\/\/www.telealarm.com\/fr\/neuigkeiten\/\"><span style=\"color: #999999;\">Actualit\u00e9s<\/span><\/a><\/p>\n<p style=\"text-align: left;\"><a style=\"text-decoration: none;\" href=\"https:\/\/www.telealarm.com\/fr\/subscribe-to-newsletter\/\"><span style=\"color: #999999;\">Bulletin<\/span><\/a><\/p>\n<p><a style=\"text-decoration: none;\" href=\"https:\/\/www.telealarm.com\/fr\/document\/\"><span style=\"color: #999999;\">Downloads<\/span><\/a><\/p>\n<p style=\"text-align: left;\"><a style=\"text-decoration: none;\" href=\"https:\/\/www.telealarm.com\/fr\/partner\/\"><span style=\"color: #999999;\">Espace partenaires<\/span><\/a><\/p>\n<p><span style=\"color: #ffffff;\"><strong>\u00c0 propos de TeleAlarm<\/strong><\/span><\/p>\n<p style=\"text-align: left;\"><a style=\"text-decoration: none;\" href=\"https:\/\/www.telealarm.com\/fr\/a-propos-de-nous\/\"><span style=\"color: #999999;\">Entreprise<\/span><\/a><\/p>\n<p style=\"text-align: left;\"><a style=\"text-decoration: none;\" href=\"https:\/\/www.telealarm.com\/fr\/carriere\/\"><span style=\"color: #999999;\">Carri\u00e8re<\/span><\/a><\/p>\n<p><\/div><\/div>[\/vc_column][\/vc_row][vc_row full_width=&#8221;stretch_row&#8221; bg_type=&#8221;bg_color&#8221; css=&#8221;.vc_custom_1704357821395{padding-top: 0px !important;padding-bottom: 80px !important;}&#8221; bg_color_value=&#8221;#0f0f0f&#8221;][vc_column][vc_empty_space height=&#8221;30px&#8221;]<div id=\"ultimate-heading-694069f36612e4c7d\" class=\"uvc-heading ult-adjust-bottom-margin ultimate-heading-694069f36612e4c7d uvc-7321  uvc-heading-default-font-sizes\" data-hspacer=\"no_spacer\"  data-halign=\"center\" style=\"text-align:center\"><div class=\"uvc-heading-spacer no_spacer\" style=\"top\"><\/div><div class=\"uvc-sub-heading ult-responsive\"  data-ultimate-target='.uvc-heading.ultimate-heading-694069f36612e4c7d .uvc-sub-heading '  data-responsive-json-new='{\"font-size\":\"\",\"line-height\":\"\"}'  style=\"font-weight:normal;\"><strong><span style=\"color: #ffffff;\">Certificats<\/span><\/strong><\/div><\/div>[vc_empty_space height=&#8221;15px&#8221;][vc_single_image image=&#8221;63412&#8243; img_size=&#8221;90&#215;90&#8243; alignment=&#8221;center&#8221;][vc_empty_space height=&#8221;15px&#8221;][vc_column_text]<\/p>\n<div class=\"team-author\">\n<div class=\"team-author-name\" style=\"text-align: center;\"><span style=\"color: #ffffff;\">D\u00e9veloppement, production, vente et service \u00e0 la client\u00e8le de syst\u00e8mes de s\u00e9curit\u00e9 \u00e9lectronique et de t\u00e9l\u00e9communications<\/span><\/div>\n<p style=\"text-align: center; color: #329bd2;\">ISO 9001:2015<\/p>\n<\/div>\n<p>[\/vc_column_text][\/vc_column][\/vc_row][vc_row bg_type=&#8221;bg_color&#8221; bg_override=&#8221;ex-full&#8221; margin_bottom=&#8221;-50&#8243; padding_top=&#8221;25&#8243; padding_bottom=&#8221;25&#8243; bg_color=&#8221;#222222&#8243; type=&#8221;2&#8243; bg_color_value=&#8221;#222222&#8243; css=&#8221;.vc_custom_1592371230691{padding-top: 10px !important;padding-bottom: 16px !important;background-color: #222222 !important;}&#8221; el_id=&#8221;footer_copyright&#8221;][vc_column width=&#8221;3\/4&#8243; offset=&#8221;vc_col-lg-9 vc_col-md-9&#8243; css=&#8221;.vc_custom_1593724162491{padding-top: 10px !important;padding-bottom: 10px !important;}&#8221; el_class=&#8221;footer_link&#8221;][vc_column_text]<\/p>\n<p style=\"font-size: 13px; line-height: 22px; color: #ffffff;\"><i class=\"fa fa-copyright\" style=\"color: #ffffff;\"><\/i> 2024 | TELEALARM EUROPE GMBH | <a style=\"color: #ffffff; text-decoration: none;\" href=\"https:\/\/www.telealarm.com\/fr\/impressum-2\/\">MENTIONS L\u00c9GALES<\/a> | <a style=\"color: #ffffff; text-decoration: none;\" href=\"https:\/\/www.telealarm.com\/fr\/politique-de-confidentialite\/\">POLITIQUE DE CONFIDENTIALIT\u00c9<\/a> | <a style=\"color: #ffffff; text-decoration: none;\" href=\"https:\/\/www.telealarm.com\/fr\/agb\/\">CONDITIONS G\u00c9N\u00c9RALES DE VENTE<\/a><\/p>\n<p>[\/vc_column_text][\/vc_column][vc_column width=&#8221;1\/4&#8243; offset=&#8221;vc_col-lg-3 vc_col-md-3&#8243; css=&#8221;.vc_custom_1593724175778{padding-top: 10px !important;padding-bottom: 10px !important;}&#8221; el_class=&#8221;footer_social&#8221;]<div class=\" vc_custom_1591001863042 uavc-icons-right uavc-icons \">\n<a class=\"aio-tooltip 69f36612e4eb1\" href=\"https:\/\/www.linkedin.com\/company\/telealarm\/\" target=\"_blank\" rel=\"noopener\"  data-toggle=\"tooltip\" data-placement=\"\" title=\"\"><div class=\"aio-icon advanced \" data-animation=\"\" data-animation-delay=\"03\" style=\"color:#ffffff;background:rgba(0,0,0,0.01);border-style:solid;border-color:rgba(255,255,255,0.2);border-width:2px;width:32px;height:32px;line-height:32px;border-radius:500px;font-size:16px;margin-right:5px;\">\n\t<i class=\"icomoon-free-social-contact-16x16-linkedin2\"><\/i>\n<\/div><\/a>\n<a class=\"aio-tooltip 69f36612e4eeb\" href=\"https:\/\/www.facebook.com\/telealarmeurope\" target=\"_blank\" rel=\"noopener\"  data-toggle=\"tooltip\" data-placement=\"\" title=\"\"><div class=\"aio-icon advanced \" data-animation=\"\" data-animation-delay=\"03\" style=\"color:#ffffff;background:rgba(0,0,0,0.01);border-style:solid;border-color:rgba(255,255,255,0.2);border-width:2px;width:32px;height:32px;line-height:32px;border-radius:500px;font-size:16px;margin-right:5px;\">\n\t<i class=\"icomoon-free-social-contact-16x16-facebook2\"><\/i>\n<\/div><\/a>\n<a class=\"aio-tooltip 69f36612e4f13\" href=\"https:\/\/www.youtube.com\/@telealarm\" target=\"_blank\" rel=\"noopener\"  data-toggle=\"tooltip\" data-placement=\"\" title=\"\"><div class=\"aio-icon advanced \" data-animation=\"\" data-animation-delay=\"03\" style=\"color:#ffffff;background:rgba(0,0,0,0.01);border-style:solid;border-color:rgba(255,255,255,0.2);border-width:2px;width:32px;height:32px;line-height:32px;border-radius:500px;font-size:16px;margin-right:5px;\">\n\t<i class=\"fab fa-youtube\"><\/i>\n<\/div><\/a><\/div>[\/vc_column][\/vc_row]<\/p>\n<\/section>","protected":false},"excerpt":{"rendered":"<p>[vc_row equal_height=&#8221;yes&#8221; content_placement=&#8221;middle&#8221; css=&#8221;.vc_custom_1599070971082{padding-top: 50px !important;padding-bottom: 50px !important;}&#8221; el_class=&#8221;full_content&#8221;][vc_column css=&#8221;.vc_custom_1571477821281{padding-bottom: 30px !important;}&#8221;][vc_column_text] Corporate Information according to \u00a75 Telemediengesetz (TMG) The responsible legal person for the planning, implementation, maintenance and administration of the website www.telealarm.com is: TeleAlarm Europe GmbH Torgauer Str. 231 04347 Leipzig Allemagne Tel : 0049 341 332001-0 e-mail : info@telealarm.com www.telealarm.com Managing directors:&hellip;<\/p>\n","protected":false},"author":5,"featured_media":0,"parent":0,"menu_order":0,"comment_status":"closed","ping_status":"closed","template":"template-microsite.php","meta":{"_monsterinsights_skip_tracking":false,"_monsterinsights_sitenote_active":false,"_monsterinsights_sitenote_note":"","_monsterinsights_sitenote_category":0,"footnotes":""},"class_list":["post-52459","page","type-page","status-publish","hentry","description-off"],"yoast_head":"<!-- This site is optimized with the Yoast SEO plugin v20.2.1 - https:\/\/yoast.com\/wordpress\/plugins\/seo\/ -->\n<title>Impressum<\/title>\n<meta name=\"description\" content=\"Corporate Information according to \u00a75 Telemediengesetz (TMG) The responsible legal person for the planning, implementation, maintenance and administration\" \/>\n<meta name=\"robots\" content=\"noindex, follow\" \/>\n<meta property=\"og:locale\" content=\"fr_FR\" \/>\n<meta property=\"og:type\" content=\"article\" \/>\n<meta property=\"og:title\" content=\"Impressum\" \/>\n<meta property=\"og:description\" content=\"Corporate Information according to \u00a75 Telemediengesetz (TMG) The responsible legal person for the planning, implementation, maintenance and administration\" \/>\n<meta property=\"og:url\" content=\"https:\/\/www.telealarm.com\/fr\/impressum-2\/\" \/>\n<meta property=\"og:site_name\" content=\"TeleAlarm\" \/>\n<meta property=\"article:modified_time\" content=\"2025-04-25T13:29:12+00:00\" \/>\n<meta name=\"twitter:card\" content=\"summary_large_image\" \/>\n<meta name=\"twitter:label1\" content=\"Dur\u00e9e de lecture estim\u00e9e\" \/>\n\t<meta name=\"twitter:data1\" content=\"1 minute\" \/>\n<script type=\"application\/ld+json\" class=\"yoast-schema-graph\">{\"@context\":\"https:\/\/schema.org\",\"@graph\":[{\"@type\":\"WebPage\",\"@id\":\"https:\/\/www.telealarm.com\/fr\/impressum-2\/\",\"url\":\"https:\/\/www.telealarm.com\/fr\/impressum-2\/\",\"name\":\"Impressum\",\"isPartOf\":{\"@id\":\"https:\/\/www.telealarm.com\/#website\"},\"datePublished\":\"2020-06-01T13:46:15+00:00\",\"dateModified\":\"2025-04-25T13:29:12+00:00\",\"description\":\"Corporate Information according to \u00a75 Telemediengesetz (TMG) The responsible legal person for the planning, implementation, maintenance and administration\",\"breadcrumb\":{\"@id\":\"https:\/\/www.telealarm.com\/fr\/impressum-2\/#breadcrumb\"},\"inLanguage\":\"fr-FR\",\"potentialAction\":[{\"@type\":\"ReadAction\",\"target\":[\"https:\/\/www.telealarm.com\/fr\/impressum-2\/\"]}]},{\"@type\":\"BreadcrumbList\",\"@id\":\"https:\/\/www.telealarm.com\/fr\/impressum-2\/#breadcrumb\",\"itemListElement\":[{\"@type\":\"ListItem\",\"position\":1,\"name\":\"Startseite\",\"item\":\"https:\/\/www.telealarm.com\/fr\/\"},{\"@type\":\"ListItem\",\"position\":2,\"name\":\"Impressum\"}]},{\"@type\":\"WebSite\",\"@id\":\"https:\/\/www.telealarm.com\/#website\",\"url\":\"https:\/\/www.telealarm.com\/\",\"name\":\"TeleAlarm\",\"description\":\"Swiss Design\",\"potentialAction\":[{\"@type\":\"SearchAction\",\"target\":{\"@type\":\"EntryPoint\",\"urlTemplate\":\"https:\/\/www.telealarm.com\/?s={search_term_string}\"},\"query-input\":\"required name=search_term_string\"}],\"inLanguage\":\"fr-FR\"}]}<\/script>\n<!-- \/ Yoast SEO plugin. -->","yoast_head_json":{"title":"Impressum","description":"Corporate Information according to \u00a75 Telemediengesetz (TMG) The responsible legal person for the planning, implementation, maintenance and administration","robots":{"index":"noindex","follow":"follow"},"og_locale":"fr_FR","og_type":"article","og_title":"Impressum","og_description":"Corporate Information according to \u00a75 Telemediengesetz (TMG) The responsible legal person for the planning, implementation, maintenance and administration","og_url":"https:\/\/www.telealarm.com\/fr\/impressum-2\/","og_site_name":"TeleAlarm","article_modified_time":"2025-04-25T13:29:12+00:00","twitter_card":"summary_large_image","twitter_misc":{"Dur\u00e9e de lecture estim\u00e9e":"1 minute"},"schema":{"@context":"https:\/\/schema.org","@graph":[{"@type":"WebPage","@id":"https:\/\/www.telealarm.com\/fr\/impressum-2\/","url":"https:\/\/www.telealarm.com\/fr\/impressum-2\/","name":"Impressum","isPartOf":{"@id":"https:\/\/www.telealarm.com\/#website"},"datePublished":"2020-06-01T13:46:15+00:00","dateModified":"2025-04-25T13:29:12+00:00","description":"Corporate Information according to \u00a75 Telemediengesetz (TMG) The responsible legal person for the planning, implementation, maintenance and administration","breadcrumb":{"@id":"https:\/\/www.telealarm.com\/fr\/impressum-2\/#breadcrumb"},"inLanguage":"fr-FR","potentialAction":[{"@type":"ReadAction","target":["https:\/\/www.telealarm.com\/fr\/impressum-2\/"]}]},{"@type":"BreadcrumbList","@id":"https:\/\/www.telealarm.com\/fr\/impressum-2\/#breadcrumb","itemListElement":[{"@type":"ListItem","position":1,"name":"Startseite","item":"https:\/\/www.telealarm.com\/fr\/"},{"@type":"ListItem","position":2,"name":"Impressum"}]},{"@type":"WebSite","@id":"https:\/\/www.telealarm.com\/#website","url":"https:\/\/www.telealarm.com\/","name":"TeleAlarm","description":"Swiss Design","potentialAction":[{"@type":"SearchAction","target":{"@type":"EntryPoint","urlTemplate":"https:\/\/www.telealarm.com\/?s={search_term_string}"},"query-input":"required name=search_term_string"}],"inLanguage":"fr-FR"}]}},"_links":{"self":[{"href":"https:\/\/www.telealarm.com\/fr\/wp-json\/wp\/v2\/pages\/52459\/"}],"collection":[{"href":"https:\/\/www.telealarm.com\/fr\/wp-json\/wp\/v2\/pages\/"}],"about":[{"href":"https:\/\/www.telealarm.com\/fr\/wp-json\/wp\/v2\/types\/page\/"}],"author":[{"embeddable":true,"href":"https:\/\/www.telealarm.com\/fr\/wp-json\/wp\/v2\/users\/5\/"}],"replies":[{"embeddable":true,"href":"https:\/\/www.telealarm.com\/fr\/wp-json\/wp\/v2\/comments\/?post=52459"}],"version-history":[{"count":11,"href":"https:\/\/www.telealarm.com\/fr\/wp-json\/wp\/v2\/pages\/52459\/revisions\/"}],"predecessor-version":[{"id":67341,"href":"https:\/\/www.telealarm.com\/fr\/wp-json\/wp\/v2\/pages\/52459\/revisions\/67341\/"}],"wp:attachment":[{"href":"https:\/\/www.telealarm.com\/fr\/wp-json\/wp\/v2\/media\/?parent=52459"}],"curies":[{"name":"wp","href":"https:\/\/api.w.org\/{rel}","templated":true}]}}