{"id":18643,"date":"2020-04-28T05:40:34","date_gmt":"2020-04-28T03:40:34","guid":{"rendered":"https:\/\/www.telealarm.com\/?page_id=18643"},"modified":"2025-05-19T09:26:12","modified_gmt":"2025-05-19T07:26:12","slug":"login","status":"publish","type":"page","link":"https:\/\/www.telealarm.com\/fr\/login\/","title":{"rendered":"Login"},"content":{"rendered":"<section class=\"wpb-content-wrapper\"><p>[vc_row][vc_column][vc_empty_space][vc_column_text]\r\n<div class=\"um um-login um-59069\">\r\n\r\n\t<div class=\"um-form\">\r\n\r\n\t\t<form method=\"post\" action=\"\" autocomplete=\"off\">\r\n\r\n\t\t\t<div class=\"um-row _um_row_1 \" style=\"margin: 0 0 30px 0;\"><div class=\"um-col-1\"><div  id=\"um_field_59069_username\" class=\"um-field um-field-text  um-field-username um-field-text um-field-type_text\" data-key=\"username\"><div class=\"um-field-label\"><label for=\"username-59069\">Identifiant ou e-mail<\/label><div class=\"um-clear\"><\/div><\/div><div class=\"um-field-area\"><input  autocomplete=\"off\" class=\"um-form-field valid \" type=\"text\" name=\"username-59069\" id=\"username-59069\" value=\"\" placeholder=\"\" data-validate=\"unique_username_or_email\" data-key=\"username\" \/>\r\n\r\n\t\t\t\t\t\t<\/div><\/div><div  id=\"um_field_59069_user_password\" class=\"um-field um-field-password  um-field-user_password um-field-password um-field-type_password\" data-key=\"user_password\"><div class=\"um-field-label\"><label for=\"user_password-59069\">Mot de passe<\/label><div class=\"um-clear\"><\/div><\/div><div class=\"um-field-area\"><input class=\"um-form-field valid \" type=\"password\" name=\"user_password-59069\" id=\"user_password-59069\" value=\"\" placeholder=\"\" data-validate=\"\" data-key=\"user_password\" \/>\r\n\r\n\t\t\t\t\t\t<\/div><\/div><\/div><\/div>\t\t<input type=\"hidden\" name=\"form_id\" id=\"form_id_59069\" value=\"59069\" \/>\r\n\t\r\n\t<p class=\"um_request_name\">\r\n\t\t<label for=\"um_request_59069\">Only fill in if you are not human<\/label>\r\n\t\t<input type=\"hidden\" name=\"um_request\" id=\"um_request_59069\" class=\"input\" value=\"\" size=\"25\" autocomplete=\"off\" \/>\r\n\t<\/p>\r\n\r\n\t<input type=\"hidden\" id=\"_wpnonce\" name=\"_wpnonce\" value=\"ca474f65b6\" \/><input type=\"hidden\" name=\"_wp_http_referer\" value=\"\/fr\/wp-json\/wp\/v2\/pages\/18643\/\" \/>\r\n\t<div class=\"um-col-alt\">\r\n\r\n\t\t\r\n\r\n\t\t\t<div class=\"um-field um-field-c\">\r\n\t\t\t\t<div class=\"um-field-area\">\r\n\t\t\t\t\t<label class=\"um-field-checkbox\">\r\n\t\t\t\t\t\t<input type=\"checkbox\" name=\"rememberme\" value=\"1\"  \/>\r\n\t\t\t\t\t\t<span class=\"um-field-checkbox-state\"><i class=\"um-icon-android-checkbox-outline-blank\"><\/i><\/span>\r\n\t\t\t\t\t\t<span class=\"um-field-checkbox-option\"> Se souvenir de moi<\/span>\r\n\t\t\t\t\t<\/label>\r\n\t\t\t\t<\/div>\r\n\t\t\t<\/div>\r\n\r\n\t\t\t\t\t\t<div class=\"um-clear\"><\/div>\r\n\t\t\r\n\t\t\t<div class=\"um-left um-half\">\r\n\t\t\t\t<input type=\"submit\" value=\"Connexion\" class=\"um-button\" id=\"um-submit-btn\" \/>\r\n\t\t\t<\/div>\r\n\t\t\t<div class=\"um-right um-half\">\r\n\t\t\t\t<a href=\"https:\/\/www.telealarm.com\/fr\/enregistrer-espace-partenaires\/\" class=\"um-button um-alt\">\r\n\t\t\t\t\tRegistrate\t\t\t\t<\/a>\r\n\t\t\t<\/div>\r\n\r\n\t\t\r\n\t\t<div class=\"um-clear\"><\/div>\r\n\r\n\t<\/div>\r\n\r\n\t\r\n\t<div class=\"um-col-alt-b\">\r\n\t\t<a href=\"https:\/\/www.telealarm.com\/fr\/reinitialiser-votre-mot-de-passe\/\" class=\"um-link-alt\">\r\n\t\t\tMot de passe oubli\u00e9\u00a0?\t\t<\/a>\r\n\t<\/div>\r\n\r\n\t\r\n\t\t<\/form>\r\n\r\n\t<\/div>\r\n\r\n<\/div><style type=\"text\/css\">\r\n.um-59069.um {\r\n\tmax-width: 450px;\r\n}<\/style>\r\n<br \/>\n[\/vc_column_text][vc_empty_space][\/vc_column][\/vc_row][vc_row bg_type=&#8221;bg_color&#8221; bg_override=&#8221;ex-full&#8221; margin_bottom=&#8221;-50&#8243; padding_top=&#8221;25&#8243; padding_bottom=&#8221;25&#8243; bg_color=&#8221;#222222&#8243; type=&#8221;2&#8243; bg_color_value=&#8221;#222222&#8243; css=&#8221;.vc_custom_1592371230691{padding-top: 10px !important;padding-bottom: 16px !important;background-color: #222222 !important;}&#8221; el_id=&#8221;footer_copyright&#8221;][vc_column width=&#8221;2\/3&#8243; offset=&#8221;vc_col-lg-8 vc_col-md-8&#8243; css=&#8221;.vc_custom_1592371566783{padding-top: 10px !important;padding-bottom: 10px !important;}&#8221; el_class=&#8221;footer_link&#8221;][vc_column_text css=&#8221;&#8221;]<\/p>\n<p style=\"font-size: 13px; line-height: 22px; color: #ffffff;\"><i class=\"fa fa-copyright\" style=\"color: #ffffff;\"><\/i> 2025 | TELEALARM EUROPE GMBH | <a style=\"color: #ffffff; text-decoration: none;\" href=\"https:\/\/www.telealarm.com\/fr\/impressum-2\/\">MENTIONS L\u00c9GALES<\/a> | <a style=\"color: #ffffff; text-decoration: none;\" href=\"https:\/\/www.telealarm.com\/fr\/politique-de-confidentialite\/\">POLITIQUE DE CONFIDENTIALIT\u00c9<\/a> | <a style=\"color: #ffffff; text-decoration: none;\" href=\"https:\/\/www.telealarm.com\/fr\/agb\/\">CONDITIONS G\u00c9N\u00c9RALES DE VENTE<\/a><\/p>\n<p>[\/vc_column_text][\/vc_column][vc_column width=&#8221;1\/4&#8243; offset=&#8221;vc_col-lg-3 vc_col-md-3&#8243; css=&#8221;.vc_custom_1593724175778{padding-top: 10px !important;padding-bottom: 10px !important;}&#8221; el_class=&#8221;footer_social&#8221;]<div class=\" vc_custom_1591001863042 uavc-icons-right uavc-icons \">\n<a class=\"aio-tooltip 69f3d1c0da91c\" href=\"https:\/\/www.linkedin.com\/company\/telealarm\/\" target=\"_blank\" rel=\"noopener\"  data-toggle=\"tooltip\" data-placement=\"\" title=\"\"><div class=\"aio-icon advanced \" data-animation=\"\" data-animation-delay=\"03\" style=\"color:#ffffff;background:rgba(0,0,0,0.01);border-style:solid;border-color:rgba(255,255,255,0.2);border-width:2px;width:32px;height:32px;line-height:32px;border-radius:500px;font-size:16px;margin-right:5px;\">\n\t<i class=\"icomoon-free-social-contact-16x16-linkedin2\"><\/i>\n<\/div><\/a>\n<a class=\"aio-tooltip 69f3d1c0da95b\" href=\"https:\/\/www.facebook.com\/telealarmeurope\" target=\"_blank\" rel=\"noopener\"  data-toggle=\"tooltip\" data-placement=\"\" title=\"\"><div class=\"aio-icon advanced \" data-animation=\"\" data-animation-delay=\"03\" style=\"color:#ffffff;background:rgba(0,0,0,0.01);border-style:solid;border-color:rgba(255,255,255,0.2);border-width:2px;width:32px;height:32px;line-height:32px;border-radius:500px;font-size:16px;margin-right:5px;\">\n\t<i class=\"icomoon-free-social-contact-16x16-facebook2\"><\/i>\n<\/div><\/a>\n<a class=\"aio-tooltip 69f3d1c0da977\" href=\"https:\/\/www.youtube.com\/@telealarm\" target=\"_blank\" rel=\"noopener\"  data-toggle=\"tooltip\" data-placement=\"\" title=\"\"><div class=\"aio-icon advanced \" data-animation=\"\" data-animation-delay=\"03\" style=\"color:#ffffff;background:rgba(0,0,0,0.01);border-style:solid;border-color:rgba(255,255,255,0.2);border-width:2px;width:32px;height:32px;line-height:32px;border-radius:500px;font-size:16px;margin-right:5px;\">\n\t<i class=\"fab fa-youtube\"><\/i>\n<\/div><\/a><\/div>[\/vc_column][\/vc_row]<\/p>\n<\/section>","protected":false},"excerpt":{"rendered":"<p>[vc_row][vc_column][vc_empty_space][vc_column_text] [\/vc_column_text][vc_empty_space][\/vc_column][\/vc_row][vc_row bg_type=&#8221;bg_color&#8221; bg_override=&#8221;ex-full&#8221; margin_bottom=&#8221;-50&#8243; padding_top=&#8221;25&#8243; padding_bottom=&#8221;25&#8243; bg_color=&#8221;#222222&#8243; type=&#8221;2&#8243; bg_color_value=&#8221;#222222&#8243; css=&#8221;.vc_custom_1592371230691{padding-top: 10px !important;padding-bottom: 16px !important;background-color: #222222 !important;}&#8221; el_id=&#8221;footer_copyright&#8221;][vc_column width=&#8221;2\/3&#8243; offset=&#8221;vc_col-lg-8 vc_col-md-8&#8243; css=&#8221;.vc_custom_1592371566783{padding-top: 10px !important;padding-bottom: 10px !important;}&#8221; el_class=&#8221;footer_link&#8221;][vc_column_text css=&#8221;&#8221;] 2025 | TELEALARM EUROPE GMBH | MENTIONS L\u00c9GALES | POLITIQUE DE CONFIDENTIALIT\u00c9 | CONDITIONS G\u00c9N\u00c9RALES DE VENTE [\/vc_column_text][\/vc_column][vc_column width=&#8221;1\/4&#8243; offset=&#8221;vc_col-lg-3 vc_col-md-3&#8243; css=&#8221;.vc_custom_1593724175778{padding-top: 10px !important;padding-bottom: 10px !important;}&#8221; el_class=&#8221;footer_social&#8221;][\/vc_column][\/vc_row]<\/p>\n","protected":false},"author":5,"featured_media":0,"parent":0,"menu_order":0,"comment_status":"closed","ping_status":"closed","template":"template-microsite.php","meta":{"_monsterinsights_skip_tracking":false,"_monsterinsights_sitenote_active":false,"_monsterinsights_sitenote_note":"","_monsterinsights_sitenote_category":0,"footnotes":""},"class_list":["post-18643","page","type-page","status-publish","hentry","description-off"],"yoast_head":"<!-- This site is optimized with the Yoast SEO plugin v20.2.1 - https:\/\/yoast.com\/wordpress\/plugins\/seo\/ -->\n<title>Login<\/title>\n<meta name=\"description\" content=\"2025 | TELEALARM EUROPE GMBH | MENTIONS L\u00c9GALES | POLITIQUE DE CONFIDENTIALIT\u00c9 | CONDITIONS G\u00c9N\u00c9RALES DE VENTE\" \/>\n<meta name=\"robots\" content=\"index, follow, max-snippet:-1, max-image-preview:large, max-video-preview:-1\" \/>\n<link rel=\"canonical\" href=\"https:\/\/www.telealarm.com\/fr\/login\/\" \/>\n<meta property=\"og:locale\" content=\"fr_FR\" \/>\n<meta property=\"og:type\" content=\"article\" \/>\n<meta property=\"og:title\" content=\"Login\" \/>\n<meta property=\"og:description\" content=\"2025 | TELEALARM EUROPE GMBH | MENTIONS L\u00c9GALES | POLITIQUE DE CONFIDENTIALIT\u00c9 | CONDITIONS G\u00c9N\u00c9RALES DE VENTE\" \/>\n<meta property=\"og:url\" content=\"https:\/\/www.telealarm.com\/fr\/login\/\" \/>\n<meta property=\"og:site_name\" content=\"TeleAlarm\" \/>\n<meta property=\"article:modified_time\" content=\"2025-05-19T07:26:12+00:00\" \/>\n<meta name=\"twitter:card\" content=\"summary_large_image\" \/>\n<meta name=\"twitter:label1\" content=\"Dur\u00e9e de lecture estim\u00e9e\" \/>\n\t<meta name=\"twitter:data1\" content=\"1 minute\" \/>\n<script type=\"application\/ld+json\" class=\"yoast-schema-graph\">{\"@context\":\"https:\/\/schema.org\",\"@graph\":[{\"@type\":\"WebPage\",\"@id\":\"https:\/\/www.telealarm.com\/fr\/login\/\",\"url\":\"https:\/\/www.telealarm.com\/fr\/login\/\",\"name\":\"Login\",\"isPartOf\":{\"@id\":\"https:\/\/www.telealarm.com\/#website\"},\"datePublished\":\"2020-04-28T03:40:34+00:00\",\"dateModified\":\"2025-05-19T07:26:12+00:00\",\"description\":\"2025 | TELEALARM EUROPE GMBH | MENTIONS L\u00c9GALES | POLITIQUE DE CONFIDENTIALIT\u00c9 | CONDITIONS G\u00c9N\u00c9RALES DE VENTE\",\"breadcrumb\":{\"@id\":\"https:\/\/www.telealarm.com\/fr\/login\/#breadcrumb\"},\"inLanguage\":\"fr-FR\",\"potentialAction\":[{\"@type\":\"ReadAction\",\"target\":[\"https:\/\/www.telealarm.com\/fr\/login\/\"]}]},{\"@type\":\"BreadcrumbList\",\"@id\":\"https:\/\/www.telealarm.com\/fr\/login\/#breadcrumb\",\"itemListElement\":[{\"@type\":\"ListItem\",\"position\":1,\"name\":\"Startseite\",\"item\":\"https:\/\/www.telealarm.com\/fr\/\"},{\"@type\":\"ListItem\",\"position\":2,\"name\":\"Login\"}]},{\"@type\":\"WebSite\",\"@id\":\"https:\/\/www.telealarm.com\/#website\",\"url\":\"https:\/\/www.telealarm.com\/\",\"name\":\"TeleAlarm\",\"description\":\"Swiss Design\",\"potentialAction\":[{\"@type\":\"SearchAction\",\"target\":{\"@type\":\"EntryPoint\",\"urlTemplate\":\"https:\/\/www.telealarm.com\/?s={search_term_string}\"},\"query-input\":\"required name=search_term_string\"}],\"inLanguage\":\"fr-FR\"}]}<\/script>\n<!-- \/ Yoast SEO plugin. -->","yoast_head_json":{"title":"Login","description":"2025 | TELEALARM EUROPE GMBH | MENTIONS L\u00c9GALES | POLITIQUE DE CONFIDENTIALIT\u00c9 | CONDITIONS G\u00c9N\u00c9RALES DE VENTE","robots":{"index":"index","follow":"follow","max-snippet":"max-snippet:-1","max-image-preview":"max-image-preview:large","max-video-preview":"max-video-preview:-1"},"canonical":"https:\/\/www.telealarm.com\/fr\/login\/","og_locale":"fr_FR","og_type":"article","og_title":"Login","og_description":"2025 | TELEALARM EUROPE GMBH | MENTIONS L\u00c9GALES | POLITIQUE DE CONFIDENTIALIT\u00c9 | CONDITIONS G\u00c9N\u00c9RALES DE VENTE","og_url":"https:\/\/www.telealarm.com\/fr\/login\/","og_site_name":"TeleAlarm","article_modified_time":"2025-05-19T07:26:12+00:00","twitter_card":"summary_large_image","twitter_misc":{"Dur\u00e9e de lecture estim\u00e9e":"1 minute"},"schema":{"@context":"https:\/\/schema.org","@graph":[{"@type":"WebPage","@id":"https:\/\/www.telealarm.com\/fr\/login\/","url":"https:\/\/www.telealarm.com\/fr\/login\/","name":"Login","isPartOf":{"@id":"https:\/\/www.telealarm.com\/#website"},"datePublished":"2020-04-28T03:40:34+00:00","dateModified":"2025-05-19T07:26:12+00:00","description":"2025 | TELEALARM EUROPE GMBH | MENTIONS L\u00c9GALES | POLITIQUE DE CONFIDENTIALIT\u00c9 | CONDITIONS G\u00c9N\u00c9RALES DE VENTE","breadcrumb":{"@id":"https:\/\/www.telealarm.com\/fr\/login\/#breadcrumb"},"inLanguage":"fr-FR","potentialAction":[{"@type":"ReadAction","target":["https:\/\/www.telealarm.com\/fr\/login\/"]}]},{"@type":"BreadcrumbList","@id":"https:\/\/www.telealarm.com\/fr\/login\/#breadcrumb","itemListElement":[{"@type":"ListItem","position":1,"name":"Startseite","item":"https:\/\/www.telealarm.com\/fr\/"},{"@type":"ListItem","position":2,"name":"Login"}]},{"@type":"WebSite","@id":"https:\/\/www.telealarm.com\/#website","url":"https:\/\/www.telealarm.com\/","name":"TeleAlarm","description":"Swiss Design","potentialAction":[{"@type":"SearchAction","target":{"@type":"EntryPoint","urlTemplate":"https:\/\/www.telealarm.com\/?s={search_term_string}"},"query-input":"required name=search_term_string"}],"inLanguage":"fr-FR"}]}},"_links":{"self":[{"href":"https:\/\/www.telealarm.com\/fr\/wp-json\/wp\/v2\/pages\/18643\/"}],"collection":[{"href":"https:\/\/www.telealarm.com\/fr\/wp-json\/wp\/v2\/pages\/"}],"about":[{"href":"https:\/\/www.telealarm.com\/fr\/wp-json\/wp\/v2\/types\/page\/"}],"author":[{"embeddable":true,"href":"https:\/\/www.telealarm.com\/fr\/wp-json\/wp\/v2\/users\/5\/"}],"replies":[{"embeddable":true,"href":"https:\/\/www.telealarm.com\/fr\/wp-json\/wp\/v2\/comments\/?post=18643"}],"version-history":[{"count":11,"href":"https:\/\/www.telealarm.com\/fr\/wp-json\/wp\/v2\/pages\/18643\/revisions\/"}],"predecessor-version":[{"id":67621,"href":"https:\/\/www.telealarm.com\/fr\/wp-json\/wp\/v2\/pages\/18643\/revisions\/67621\/"}],"wp:attachment":[{"href":"https:\/\/www.telealarm.com\/fr\/wp-json\/wp\/v2\/media\/?parent=18643"}],"curies":[{"name":"wp","href":"https:\/\/api.w.org\/{rel}","templated":true}]}}